{"id":308,"date":"2025-10-13T09:31:47","date_gmt":"2025-10-13T09:31:47","guid":{"rendered":"https:\/\/if.fo\/?page_id=308"},"modified":"2025-10-13T09:42:54","modified_gmt":"2025-10-13T09:42:54","slug":"refund_returns","status":"publish","type":"page","link":"https:\/\/if.fo\/?page_id=308","title":{"rendered":"Handilstreytir"},"content":{"rendered":"\t\t<div data-elementor-type=\"wp-page\" data-elementor-id=\"308\" class=\"elementor elementor-308\" data-elementor-post-type=\"page\">\n\t\t\t\t\t\t<section class=\"elementor-section elementor-top-section elementor-element elementor-element-0064e37 elementor-section-boxed elementor-section-height-default elementor-section-height-default\" data-id=\"0064e37\" data-element_type=\"section\" data-e-type=\"section\" data-settings=\"{&quot;background_background&quot;:&quot;gradient&quot;}\">\n\t\t\t\t\t\t\t<div class=\"elementor-background-overlay\"><\/div>\n\t\t\t\t\t\t\t<div class=\"elementor-container elementor-column-gap-no\">\n\t\t\t\t\t<div class=\"elementor-column elementor-col-100 elementor-top-column elementor-element elementor-element-ab659f3\" data-id=\"ab659f3\" data-element_type=\"column\" data-e-type=\"column\">\n\t\t\t<div class=\"elementor-widget-wrap elementor-element-populated\">\n\t\t\t\t\t\t<section class=\"elementor-section elementor-inner-section elementor-element elementor-element-045ae95 elementor-section-boxed elementor-section-height-default elementor-section-height-default\" data-id=\"045ae95\" data-element_type=\"section\" data-e-type=\"section\">\n\t\t\t\t\t\t<div class=\"elementor-container elementor-column-gap-no\">\n\t\t\t\t\t<div class=\"elementor-column elementor-col-100 elementor-inner-column elementor-element elementor-element-ce6260c\" data-id=\"ce6260c\" data-element_type=\"column\" data-e-type=\"column\">\n\t\t\t<div class=\"elementor-widget-wrap elementor-element-populated\">\n\t\t\t\t\t\t<div class=\"elementor-element elementor-element-229dcdd elementor-invisible elementor-widget elementor-widget-heading\" data-id=\"229dcdd\" data-element_type=\"widget\" data-e-type=\"widget\" data-settings=\"{&quot;_animation&quot;:&quot;slideInLeft&quot;,&quot;_animation_delay&quot;:&quot;100&quot;}\" data-widget_type=\"heading.default\">\n\t\t\t\t\t<h1 class=\"elementor-heading-title elementor-size-default\">hANDILSTREYTIR<\/h1>\t\t\t\t<\/div>\n\t\t\t\t\t<\/div>\n\t\t<\/div>\n\t\t\t\t\t<\/div>\n\t\t<\/section>\n\t\t\t\t\t<\/div>\n\t\t<\/div>\n\t\t\t\t\t<\/div>\n\t\t<\/section>\n\t\t<div class=\"elementor-element elementor-element-6e7eed0c e-flex e-con-boxed e-con e-parent\" data-id=\"6e7eed0c\" data-element_type=\"container\" data-e-type=\"container\">\n\t\t\t\t\t<div class=\"e-con-inner\">\n\t\t\t\t<div class=\"elementor-element elementor-element-61ce5cf elementor-widget elementor-widget-text-editor\" data-id=\"61ce5cf\" data-element_type=\"widget\" data-e-type=\"widget\" data-widget_type=\"text-editor.default\">\n\t\t\t\t\t\t\t\t\t\n<h3 data-pm-slice=\"1 1 []\"><strong>Pr\u00edsir<\/strong><\/h3>\n<p>Allir pr\u00edsir eru \u00edrokna\u00f0 meirvir\u00f0isgjald, um anna\u00f0 ikki er tilskila\u00f0. Gjaldoyra er DKK. Fyrivarni ver\u00f0ur tiki\u00f0 fyri pr\u00edsvillum og \u00fatseldum ella \u00fatgingnum v\u00f8rum.<\/p>\n<div><hr \/><\/div>\n<h3><strong>Gjalding<\/strong><\/h3>\n<p>B\u00edl\u00f8gdu v\u00f8rurnar gjaldast elektroniskt vi\u00f0 Dankorti, ella vi\u00f0 bankaflyting. Kortuppl\u00fdsingarnar ver\u00f0a sendar brongla\u00f0ar millum kunda og <a href=\"https:\/\/if.fo\">if.fo<\/a>. Hv\u00f8rki <a href=\"https:\/\/if.fo\">if.fo<\/a> ella annar \u00f3vi\u00f0komandi hevur m\u00f8guleika at f\u00e1a fatur \u00e1 hesum uppl\u00fdsingum. Pers\u00f3nsuppl\u00fdsingar (navn, adressa <a href=\"https:\/\/o.s.fr\">o.s.fr<\/a>.) ver\u00f0a ikki brongla\u00f0ar. Upph\u00e6ddin ver\u00f0ur trekt av kortinum, t\u00e1 v\u00f8ran er \u00e1 veg.<\/p>\n<div><hr \/><\/div>\n<h3><strong>Flutningstreytir<\/strong><\/h3>\n<p>Pakkar ver\u00f0a sendir vi\u00f0 Posta. Um v\u00f8ran skal latast innaftur ella b\u00fdtast um, so m\u00e1 kundin sj\u00e1lvur gjalda fraktina ella koma \u00ed handilin vi\u00f0 v\u00f8runi. T\u00e1 keypt ver\u00f0ur \u00ed vikuskiftinum, heilid\u00f8gum, fr\u00edd\u00f8gum o.\u00f8. kann \u00fatberingin ver\u00f0a ymisk. \u00cd megin\u00f8kinum kunnu vit bera v\u00f8ru \u00fat sama dag um b\u00edleggingin er \u00e1\u00f0renn kl. 13.00. Pakkar taka annars \u00e1lei\u00f0 1 til 3 dagar at bera \u00fat. Eru trupulleikar vi\u00f0 \u00fatberingini, skalt t\u00fa seta teg \u00ed samband vi\u00f0 okkum \u00e1 tlf. +298 444636. Ynskir t\u00fa at b\u00edleggja v\u00f8runa \u00e1 heimas\u00ed\u00f0uni, men avheinta hana sj\u00e1lv(ur), ver\u00f0ur hetta valt undir b\u00edlegging. Pakkin kann heintast \u00ed vanligu upplatingart\u00ed\u00f0unum hj\u00e1 handlinum. Hava tygum spurningar ella ivam\u00e1l, kunnu tygum ringja \u00e1 tlf. +298 444636 ella umvegis teldupost \u00e1 if@if.fo.<\/p>\n<div><hr \/><\/div>\n<h3><strong>I\u00f0ranarr\u00e6ttur<\/strong><\/h3>\n<p>I\u00f0ranarr\u00e6ttur (fortrydelsesret) er galdandi \u00ed 12 dagar fr\u00e1, at kundin hevur m\u00f3ttiki\u00f0 v\u00f8runa. Ynskir t\u00fa at angra keypi\u00f0, skalt t\u00fa bera v\u00f8runa aftur \u00ed sama standi, sum hon var keypt. Um kvittan er vi\u00f0 \u00ed umb\u00fdtingini, kann rei\u00f0ur peningur latast aftur. Er ongin kvittan, ver\u00f0ur ein tilg\u00f3\u00f0arse\u00f0il latin. Vit bj\u00f3\u00f0a t\u00f3 at b\u00fdta v\u00f8runa um til a\u00f0ra v\u00f8ru innan 30 dagar. Er v\u00f8ran ni\u00f0ursett, kann man ikki f\u00e1a pengarnar aftur. \u00dats\u00f8luv\u00f8ru kann man IKKI koma aftur vi\u00f0. V\u00f8rurnar skulu sendast til:<\/p>\n<p><strong>\u00cdtr\u00f3ttarfelag Fuglarfjar\u00f0ar<\/strong><br \/>Innandalsvegur 1<br \/>530 Fuglafj\u00f8r\u00f0ur<br \/>F\u00f8royar<\/p>\n<div><hr \/><\/div>\n<p>V\u00f8ran kann umb\u00fdtast innan 14 dagar eftir levering, um hon er \u00ed sama standi, sum t\u00e1 hon var\u00f0 keypt, ta\u00f0 vil siga \u00ed \u00f3upppakka\u00f0um originalum innpakningi. V\u00f8ran kann b\u00fdtast til ein tilg\u00f3\u00f0arse\u00f0il. T\u00fa skalt bo\u00f0a fr\u00e1 skrivliga vi\u00f0 teldupost \u00e1 if@if.fo, um t\u00fa ynskir at n\u00fdta umb\u00fdtingarr\u00e6ttin.<\/p>\n<div><hr \/><\/div>\n<h3><strong>Reklamati\u00f3n \u2013 Ska\u00f0i ella feilur \u00e1 v\u00f8runi<\/strong><\/h3>\n<p>Er feilur vi\u00f0 v\u00f8runi, ver\u00f0ur t\u00fa bi\u00f0in um at senda okkum ein teldupost. T\u00e1 feilurin er sta\u00f0festur, kann v\u00f8ran b\u00fdtast til rei\u00f0an pening ella til n\u00fdggja v\u00f8ru. T\u00fa ver\u00f0ur eisini bi\u00f0in um at gera vart vi\u00f0 hetta vi\u00f0 levering av v\u00f8runi. Reklamati\u00f3nsr\u00e6tturin fellur burtur eftir 24 m\u00e1na\u00f0ar. T\u00fa skalt senda okkum ein t-post \u00e1 if@if.fo og gj\u00f8lla grei\u00f0a fr\u00e1 hv\u00f8r feilurin er, og hv\u00ed t\u00fa ynskir at n\u00fdta reklamati\u00f3nsr\u00e6ttin. T\u00e1 t\u00fa sendir v\u00f8runa til okkum, ver\u00f0ur t\u00fa bi\u00f0in um at pakka hana v\u00e6l inn. <a href=\"https:\/\/if.fo\">if.fo<\/a> rindar retur fraktina fr\u00e1 f\u00f8royskari adressu, um ska\u00f0in er v\u00e1tta\u00f0ur.<\/p>\n<div><hr \/><\/div>\n<h3><strong>Tr\u00fana\u00f0ur<\/strong><\/h3>\n<p>Uppl\u00fdsingarnir \u2013 navn, b\u00fasta\u00f0ur og t-postur \u2013 i\u00f0 t\u00fa sendir til okkum ver\u00f0a goymdar \u00ed tr\u00fana\u00f0i. Vit n\u00fdta bert t\u00ednar uppl\u00fdsingar til at senda t\u00e6r v\u00f8runa og annars at geva t\u00e6r uppl\u00fdsingar um hana. Privatar uppl\u00fdsingar ver\u00f0a ikki givnar v\u00ed\u00f0ari, undantak er t\u00f3 um hetta er \u00ed samband vi\u00f0 levering av v\u00f8ru. Privatar uppl\u00fdsingar ver\u00f0a ikki seldar til 3 pers\u00f3n.<\/p>\n<div><hr \/><\/div>\n<h3><strong>Cookies<\/strong><\/h3>\n<p>\u00c1 <a href=\"https:\/\/if.fo\">if.fo<\/a> n\u00fdta vit ikki cookies.<\/p>\n<div><hr \/><\/div>\n<h3><strong>B\u00edlegging<\/strong><\/h3>\n<p>T\u00e1 t\u00fa b\u00edleggur \u00e1 <a href=\"https:\/\/if.fo\">if.fo<\/a> f\u00e6rt t\u00fa sj\u00e1lvirkandi eina ordrav\u00e1ttan senda vi\u00f0 t-post. Hendan ordrav\u00e1ttan er ikki ein juridiskt bindandi avtala millum teg og <a href=\"https:\/\/if.fo\">if.fo<\/a>. Vit tilskila okkum r\u00e6tt at strika ordran um villa er vi\u00f0 pr\u00edsinum, ella levering av v\u00f8ru, ella um v\u00f8ran er \u00fatgingin, og l\u00edkandi st\u00f8\u00f0ur. T\u00e1 i\u00f0 ordrin er endaliga avgreiddur, f\u00e6rt t\u00fa ein faktura sendandi vi\u00f0 t-post, sum er ein bindandi avtala millum teg og <a href=\"https:\/\/if.fo\">if.fo<\/a>.<\/p>\n<div><hr \/><\/div>\n<h3><strong>Samband<\/strong><\/h3>\n<p><strong>\u00cdtr\u00f3ttarfelag Fuglarfjar\u00f0ar<\/strong><br \/>\ud83d\udcde +298 444636<br \/>\ud83d\udce7 if@if.fo<br \/>\ud83d\udccd Innandalsvegur 1, 530 Fuglafj\u00f8r\u00f0ur, F\u00f8royar<\/p>\n\t\t\t\t\t\t\t\t<\/div>\n\t\t\t\t\t<\/div>\n\t\t\t\t<\/div>\n\t\t\t\t<\/div>\n\t\t","protected":false},"excerpt":{"rendered":"<p>hANDILSTREYTIR Pr\u00edsir Allir pr\u00edsir eru \u00edrokna\u00f0 meirvir\u00f0isgjald, um anna\u00f0 ikki er tilskila\u00f0. Gjaldoyra er DKK. Fyrivarni ver\u00f0ur tiki\u00f0 fyri pr\u00edsvillum og \u00fatseldum ella \u00fatgingnum v\u00f8rum. Gjalding B\u00edl\u00f8gdu v\u00f8rurnar gjaldast elektroniskt vi\u00f0 Dankorti, ella vi\u00f0 bankaflyting. Kortuppl\u00fdsingarnar ver\u00f0a sendar brongla\u00f0ar millum kunda og if.fo. Hv\u00f8rki if.fo ella annar \u00f3vi\u00f0komandi hevur m\u00f8guleika at f\u00e1a fatur \u00e1 hesum [&hellip;]<\/p>\n","protected":false},"author":1,"featured_media":0,"parent":0,"menu_order":0,"comment_status":"closed","ping_status":"closed","template":"elementor_header_footer","meta":{"footnotes":""},"class_list":["post-308","page","type-page","status-publish","hentry"],"_hostinger_reach_plugin_has_subscription_block":false,"_hostinger_reach_plugin_is_elementor":false,"_links":{"self":[{"href":"https:\/\/if.fo\/index.php?rest_route=\/wp\/v2\/pages\/308","targetHints":{"allow":["GET"]}}],"collection":[{"href":"https:\/\/if.fo\/index.php?rest_route=\/wp\/v2\/pages"}],"about":[{"href":"https:\/\/if.fo\/index.php?rest_route=\/wp\/v2\/types\/page"}],"author":[{"embeddable":true,"href":"https:\/\/if.fo\/index.php?rest_route=\/wp\/v2\/users\/1"}],"replies":[{"embeddable":true,"href":"https:\/\/if.fo\/index.php?rest_route=%2Fwp%2Fv2%2Fcomments&post=308"}],"version-history":[{"count":9,"href":"https:\/\/if.fo\/index.php?rest_route=\/wp\/v2\/pages\/308\/revisions"}],"predecessor-version":[{"id":465,"href":"https:\/\/if.fo\/index.php?rest_route=\/wp\/v2\/pages\/308\/revisions\/465"}],"wp:attachment":[{"href":"https:\/\/if.fo\/index.php?rest_route=%2Fwp%2Fv2%2Fmedia&parent=308"}],"curies":[{"name":"wp","href":"https:\/\/api.w.org\/{rel}","templated":true}]}}